{"id":2210,"date":"2025-05-29T14:38:45","date_gmt":"2025-05-29T12:38:45","guid":{"rendered":"http:\/\/www.trgovinica-zebra.si\/?page_id=2210"},"modified":"2025-05-29T14:46:57","modified_gmt":"2025-05-29T12:46:57","slug":"splosni-pogoji-uporabe","status":"publish","type":"page","link":"http:\/\/www.trgovinica-zebra.si\/en\/splosni-pogoji-uporabe\/","title":{"rendered":"Splo\u0161ni pogoji"},"content":{"rendered":"\n<ol>\n<li style=\"text-align: justify;\"><strong> Uvod<\/strong><\/li>\n<\/ol>\n<p style=\"text-align: justify;\">Ponudnik storitev spletnega mesta trgovinica-zebra.si, lastnik vsebin ter skrbnik ter z njo povezanih storitvenih dejavnosti je Zavod za gluhe in naglu\u0161ne Ljubljana, Vojkova cesta 74, 1000 Ljubljana razen c\u030ce ni navedeno drugac\u030ce.<\/p>\n<p style=\"text-align: justify;\">Ti splo\u0161ni pogoji uporabe spletnega mesta trgovinica-zebra.si (v nadaljevanju splo\u0161ni pogoji) se nanas\u030cajo na vse obiskovalce oziroma uporabnike in vse oblike uporabe spletnega mesta trgovinica-zebra.si. Spletno mesto, v okviru domenskega prostora www.trgovinica-zebra.si, uporabnikom ponuja storitve posredovanja informacij in druge povezane storitve spletnega mesta. Ponudnik storitev lahko spremeni domenski naslov spletnega mesta, pri c\u030cemer ti splos\u030cni pogoji ostanejo v polni veljavi.<\/p>\n<p style=\"text-align: justify;\">Uporabnik z obiskom spletnega mesta trgovinica-zebra.si potrjuje, da je seznanjen s celotno vsebino teh splo\u0161nih pogojev, da ta dokument, v vsakokratni veljavni razlic\u030cici, v celoti sprejema, in da ga doloc\u030cbe teh splos\u030cnih pogojev zavezujejo. V primeru, da se s temi splos\u030cnimi pogoji ali njihom delom ne strinjate, vas prosimo, da nemudoma prenehate z dostopanjem do spletnega mesta.<\/p>\n<p style=\"text-align: justify;\">Vsak uporabnik uporablja vse storitve spletnega mesta na lastno odgovornost. Vsa doloc\u030cila splos\u030cnih pogojev veljajo enakovredno za vse uporabnike, razen v primerih, kjer je v teh splos\u030cnih pogojih izrecno doloc\u030ceno drugac\u030ce.<\/p>\n<p style=\"text-align: justify;\">\u00a0<\/p>\n<ol style=\"text-align: justify;\" start=\"2\">\n<li><strong> Vsebina spletnega mesta<\/strong><\/li>\n<\/ol>\n<p style=\"text-align: justify;\">Spletno mesto je oblikovano, vzdrz\u030cevano in posredovano javnosti z namenom posredovanja informacij splos\u030cnega znac\u030caja, avtorskih vsebin in avdiovizualnih del. Upravljavec tega spletnega mesta si pridrz\u030cuje pravico do spremembe, zac\u030casne ali trajne onemogoc\u030citve vsake izmed vseh navedenih funkcionalnosti, brez predhodnega obvestila.<\/p>\n<p style=\"text-align: justify;\">Vse vsebine, ki se nahajajo na spletnem mestu trgovinica-zebra.si so informativnega zna\u010daja in slu\u017eijo predvsem informiranju, obve\u0161\u010danju in ozave\u0161\u010danju. Upravljavec spletnega mesta se obvezuje, da bo storil vse kar je v njegovi mo\u010di, da bodo podatki na spletnem mestu resni\u010dni, zanesljivi in kakovostni, in ne odgovarja za morebitne tipkarske napake in za zamude in pomanjkljivosti pri vna\u0161anju a\u017eurnih podatkov.<\/p>\n<p style=\"text-align: justify;\">\u00a0<\/p>\n<ol style=\"text-align: justify;\" start=\"3\">\n<li><strong> Omejitev uporabe<\/strong><\/li>\n<\/ol>\n<p style=\"text-align: justify;\">Spletno mesto trgovinica-zebra.si je dovoljeno uporabljati le za osebne in nekomercialne namene. Prepovedano je spreminjanje, kopiranje, distribucija, oddajanje, prikazovanje, izvajanje, razmnoz\u030cevanje, licenciranje, ustvarjanje izpeljank, prenas\u030canje ali prodajanje katerih koli informacij in drugih vsebin ali del, programske opreme, izdelkov ali storitev, ki so del spletnega mesta, razen c\u030ce je v teh splos\u030cnih pogojih izrecno doloc\u030ceno drugac\u030ce.<\/p>\n<p style=\"text-align: justify;\"><strong>\u00a0<\/strong><\/p>\n<ol style=\"text-align: justify;\" start=\"4\">\n<li><strong> Avtorske pravice<\/strong><\/li>\n<\/ol>\n<p style=\"text-align: justify;\">To spletno mesto je izklju\u010dna last Zavoda za gluhe in naglu\u0161ne Ljubljana. Vsebine, dela in gradiva, objavljena na spletnem mestu so za\u0161\u010diteno avtorsko delo in so last Zavoda za gluhe in naglu\u0161ne Ljubljana in ali njenih partnerjev oziroma pogodbenih sodelavcev. Med navedena gradiva in vsebine sodijo tudi urejena struktura in oblika spletnega mesta ter pisno, slikovno, zvoc\u030cno in drugo gradivo, vsebine ali dela na spletnem mestu. Vse pravice so pridrz\u030cane. Brez predhodnega izrecnega pisnega dovoljenja s strani ponudnika storitev kopiranje, distribucija ali druga uporaba vseh predhodno navedenih informacij, oziroma vsebin ali del ni dovoljena.<\/p>\n<p style=\"text-align: justify;\">Ponudnik storitev si pridrz\u030cuje pravico, da v primeru krs\u030citev avtorskih pravic in pravic intelektualne lastnine, ukrepa proti krs\u030citeljem v skladu z zakonodajo.<\/p>\n<p style=\"text-align: justify;\">\u00a0<\/p>\n<ol style=\"text-align: justify;\" start=\"5\">\n<li><strong> Povezave<\/strong><\/li>\n<\/ol>\n<p style=\"text-align: justify;\">Skladno s predhodnim pisnim soglasjem ponudnika storitev je uporabnikom dovoljeno narediti povezavo z drugih spletnih strani, katerih vsebine niso v nasprotju z zakonom ali splos\u030cnimi moralnimi normami, na stran spletnega mesta trgovinica-zebra.si.<\/p>\n<p style=\"text-align: justify;\">Spletno mesto vsebuje povezave na razlic\u030cne zunanje spletne strani, kot so na primer druga internetna spletis\u030cc\u030ca, posamezne strani ali drugi viri, nad katerimi ponudnik storitev nima nikakrs\u030cnega vpliva in zato ni odgovoren za dostopnost, vsebino ali napake zunanjih povezav. Uporabniki so zavezani splos\u030cnim pogojem uporabe zunanjih spletnih strani.<\/p>\n<p style=\"text-align: justify;\">\u00a0<\/p>\n<ol style=\"text-align: justify;\" start=\"6\">\n<li><strong> Spremembe splo\u0161nih pogojev<\/strong><\/li>\n<\/ol>\n<p style=\"text-align: justify;\">Ponudnik storitev si pridrz\u030cuje pravico, da kadarkoli spremeni te splo\u0161ne pogoje. Spremembe za\u010dnejo veljati takoj, ko so objavljene. Nadaljnja uporaba spletnega mesta s strani uporabnika pomeni, da se s spremenjenimi splos\u030cnimi pogoji strinjate in jih v celoti sprejemate.<\/p>\n<p style=\"text-align: justify;\">Splos\u030cni pogoji se redno dopolnjujejo in so v veljavni razlic\u030cici dostopni na spletnem mestu.<\/p>\n<p style=\"text-align: justify;\">\u00a0<\/p>\n<ol style=\"text-align: justify;\" start=\"7\">\n<li><strong>Odgovornost<\/strong><\/li>\n<\/ol>\n<p style=\"text-align: justify;\">Ponudnik storitev ne odgovarja za \u0161kodo, ki bi izhajala iz ali bi bila v zvezi z obstojem, dostopom do in ali uporabo spletnega mesta trgovinica-zebra.si in ali uporabo informacij, vsebin oziroma del, ki jih spletno mesto vsebuje, in ali zaradi nezmo\u017enosti uporabe informacije na spletnem mestu, in ali kakr\u0161nekoli napake ali pomanjkljivosti v njihovi vsebini, ne glede na to, \u010de je bil obve\u0161\u010den o mo\u017enosti take \u0161kode.<\/p>\n<p style=\"text-align: justify;\">Spletne strani vsebujejo tudi informacije o tretjih osebah, nad katerimi ponudnik storitev nima nadzora, in zato ne more jam\u010diti in tudi ne prejemati ali posredovati prito\u017eb glede to\u010dnosti oziroma prevzemati odgovornosti za njihove informacije ali navedbe.<\/p>\n<p style=\"text-align: justify;\">Ponudnik storitev ne odgovarja za morebitno s\u030ckodo, ki bi nastala zaradi nedovoljenih ali protipravnih posegov v spletno mesto s strani tretjih oseb, kar vkljuc\u030cuje tudi morebitne viruse. Uporabnik je dolz\u030can sam poskrbeti za protivirusno zas\u030cc\u030cito.<\/p>\n<p style=\"text-align: justify;\">Uporabniki spletnega mesta jamc\u030cijo, da z njegovo uporabo ne bodo povzroc\u030cali motenj na spletni strani in spletne strani ne bodo uporabljali ali vanjo posegali na noben nac\u030cin, ki bi bil v nasprotju z zakonodajo ali s temi splos\u030cnimi pogoji.<\/p>\n<p style=\"text-align: justify;\">Spletnega mesta ni dovoljeno uporabljati na nac\u030cin, ki bi onemogoc\u030cil, preobremenil ali s\u030ckodil spletnemu mestu trgovinica-zebra.si ali ponudniku storitev. Ravno tako ni dovoljeno onemogoc\u030canje ali oviranje uporabe drugim uporabnikom spletnega mesta trgovinica-zebra.si. Prepovedano je pridobivanje nepooblas\u030cc\u030cenega dostopa do katere koli storitve spletnega mesta trgovinica-zebra.si, rac\u030cunalnis\u030ckega sistema, z njim povezanega omrez\u030cja, informacij, vsebin ali del. Prepovedano je pridobivanje kakrs\u030cnega koli gradiva, del, vsebin ali informacij s pomoc\u030cjo sredstev, ki niso namenoma na voljo v sklopu spletnega mesta ali izrecno dovoljena za dostop v politiki o varovanju zasebnosti. C\u030ce je bil dostop do teh podatkov omogoc\u030cen zaradi napake znotraj storitev spletnega mesta, prijavo o tej napaki naslovite na e-po\u0161to info@zgnl.si.<\/p>\n<p style=\"text-align: justify;\">\u00a0<\/p>\n<ol style=\"text-align: justify;\" start=\"8\">\n<li><strong> Zasebnost<\/strong><\/li>\n<\/ol>\n<p style=\"text-align: justify;\">Zavedamo se pomena zasebnosti in si prizadevamo, da so va\u0161i osebni podatki pri nas za\u0161\u010diteni skladno z veljavno zakonodajo. V ta namen smo vzpostavili tehni\u010dne in organizacijske ukrepe, s pomo\u010djo katerih zagotavljamo ustrezno raven zasebnosti, varnost pri obdelavi osebnih podatkov in uresni\u010devanje pravic posameznikov. Pravila o varstvu osebnih podatkov posameznikov pri uporabi spletnega mesta so na spletnem mestu trgovinica-zebra.si objavljena v \u00bbPolitiki varovanja osebnih podatkov\u00ab.<\/p>\n<p style=\"text-align: justify;\">\u00a0<\/p>\n<ol style=\"text-align: justify;\" start=\"9\">\n<li><strong> Kr\u0161itev splo\u0161nih pogojev<\/strong><\/li>\n<\/ol>\n<p style=\"text-align: justify;\">Ponudnik storitev lahko v primeru nespos\u030ctovanja teh splos\u030cnih pogojev, po svoji presoji, proti uporabniku, ki krs\u030ci doloc\u030cila splos\u030cnih pogojev, uvede enega od ukrepov:<\/p>\n<ul style=\"text-align: justify;\">\n<li>opozorilo o nespos\u030ctovanju splos\u030cnih pogojev ter poziv k njihovemu spos\u030ctovanju,<\/li>\n<li>blokiranje moz\u030cnosti dostopa do posameznih storitev v okviru spletnega mesta,<\/li>\n<li>blokiranje IP naslova, s katerega je pris\u030clo do krs\u030citve,<\/li>\n<li>posredovanje IP naslova, s katerega je pris\u030clo do krs\u030citve, pristojnim organom, kadar je tako zahtevano na podlagi zakona in<\/li>\n<li>druge ukrepe, skladne z veljavno zakonodajo.<\/li>\n<\/ul>\n<p style=\"text-align: justify;\">\u00a0<\/p>\n<ol style=\"text-align: justify;\" start=\"10\">\n<li><strong> Pristojnost sodi\u0161\u010d<\/strong><\/li>\n<\/ol>\n<p style=\"text-align: justify;\">Ti splo\u0161ni pogoji so vezani na veljavne zakone v Republiki Sloveniji. Za res\u030cevanje sporov in nesporazumov v zvezi s spletnim mestom trgovinica-zebra.si, za katere so z\u030ce bile izc\u030crpane vse ostale zunajsodne moz\u030cnosti sporazuma, je pristojno sodis\u030cc\u030ce po pravu Republike Slovenije.<\/p>\n<p style=\"text-align: justify;\">C\u030ce se za kateri koli del splos\u030cnih pogojev ugotovi, da je neveljaven ali neizvrs\u030cljiv v skladu s trenutno veljavno zakonodajo Republike Slovenije, se neveljavna ali neizvrs\u030cljiva dolo\u010dba teh splo\u0161nih pogojev nadomesti z veljavnim, izvrs\u030cljivim predpisom, ki kar se da, ustreza namenu izvirne dolo\u010dbe, preostali del splos\u030cnih pogojev pa ostane v veljavi v nespremenjeni obliki.<\/p>\n<p style=\"text-align: justify;\">\u00a0<\/p>\n<p style=\"text-align: justify;\">Ljubljana, 28. 8. 2024<\/p>\n","protected":false},"excerpt":{"rendered":"<p>Uvod Ponudnik storitev spletnega mesta trgovinica-zebra.si, lastnik vsebin ter skrbnik ter z njo povezanih storitvenih dejavnosti je Zavod za gluhe in naglu\u0161ne Ljubljana, Vojkova cesta 74, 1000 Ljubljana razen c\u030ce ni navedeno drugac\u030ce. Ti splo\u0161ni pogoji uporabe spletnega mesta trgovinica-zebra.si (v nadaljevanju splo\u0161ni pogoji) se nanas\u030cajo na vse obiskovalce oziroma uporabnike in vse oblike uporabe spletnega mesta trgovinica-zebra.si. Spletno mesto,&#8230; <a class=\"more-link\" href=\"http:\/\/www.trgovinica-zebra.si\/en\/splosni-pogoji-uporabe\/\">Continue reading &rarr;<\/a><\/p>\n","protected":false},"author":1,"featured_media":0,"parent":0,"menu_order":0,"comment_status":"closed","ping_status":"closed","template":"","meta":{"footnotes":""},"class_list":["post-2210","page","type-page","status-publish","hentry"],"translation":{"provider":"WPGlobus","version":"3.0.0","language":"en","enabled_languages":["sl","en"],"languages":{"sl":{"title":true,"content":true,"excerpt":false},"en":{"title":true,"content":true,"excerpt":false}}},"_links":{"self":[{"href":"http:\/\/www.trgovinica-zebra.si\/en\/wp-json\/wp\/v2\/pages\/2210","targetHints":{"allow":["GET"]}}],"collection":[{"href":"http:\/\/www.trgovinica-zebra.si\/en\/wp-json\/wp\/v2\/pages"}],"about":[{"href":"http:\/\/www.trgovinica-zebra.si\/en\/wp-json\/wp\/v2\/types\/page"}],"author":[{"embeddable":true,"href":"http:\/\/www.trgovinica-zebra.si\/en\/wp-json\/wp\/v2\/users\/1"}],"replies":[{"embeddable":true,"href":"http:\/\/www.trgovinica-zebra.si\/en\/wp-json\/wp\/v2\/comments?post=2210"}],"version-history":[{"count":3,"href":"http:\/\/www.trgovinica-zebra.si\/en\/wp-json\/wp\/v2\/pages\/2210\/revisions"}],"predecessor-version":[{"id":2228,"href":"http:\/\/www.trgovinica-zebra.si\/en\/wp-json\/wp\/v2\/pages\/2210\/revisions\/2228"}],"wp:attachment":[{"href":"http:\/\/www.trgovinica-zebra.si\/en\/wp-json\/wp\/v2\/media?parent=2210"}],"curies":[{"name":"wp","href":"https:\/\/api.w.org\/{rel}","templated":true}]}}