{"id":1490,"date":"2020-12-02T14:44:26","date_gmt":"2020-12-02T13:44:26","guid":{"rendered":"http:\/\/www.trgovinica-zebra.si\/?page_id=1490"},"modified":"2025-05-29T14:44:39","modified_gmt":"2025-05-29T12:44:39","slug":"izjava-o-dostopnosti","status":"publish","type":"page","link":"http:\/\/www.trgovinica-zebra.si\/en\/izjava-o-dostopnosti\/","title":{"rendered":"Izjava o dostopnosti"},"content":{"rendered":"\n<p style=\"text-align: center;\"><strong>IZJAVA O DOSTOPNOSTI SPLETNE STRANI TRGOVINICE ZEBRA GRE NA LUNO<\/strong><\/p>\n<p style=\"text-align: justify;\">Izjava o dostopnosti se nana\u0161a na celotno\u00a0spletno stran trgovinice <a href=\"http:\/\/www.trgovinica-zebra.si\">Zebra Gre Na Luno<\/a>.<\/p>\n<p style=\"text-align: justify;\">Vsem, ki vas zanima dogajanje na spletnih straneh trgovinice, \u017eelimo zagotoviti pozitivno uporabni\u0161ko izku\u0161njo.<\/p>\n<p style=\"text-align: justify;\">Spletne vsebine se trudimo pribli\u017eati naj\u0161ir\u0161emu krogu uporabnikov, zato le-te sproti prilagajamo najranljivej\u0161im skupinam.<\/p>\n<p style=\"text-align: justify;\">Zavod za gluhe in naglu\u0161ne Ljubljana se zavezuje omogo\u010dati dostopnost\u00a0<a href=\"http:\/\/www.trgovinica-zebra.si\/\">spletne strani trgovinice Zebra Gre Na Luno<\/a>\u00a0v skladu z Zakonom o dostopnosti spleti\u0161\u010d in mobilnih aplikacij ter Direktivo EU 2016\/2102 Evropskega parlamenta in Sveta.<\/p>\n<p style=\"text-align: justify;\">Zakon o dostopnosti spleti\u0161\u010d in mobilnih aplikacij (ZDSMA), ureja ukrepe za zagotovitev dostopnosti spleti\u0161\u010d in mobilnih aplikacij zavezancev po tem zakonu za vse uporabnike, zlasti za uporabnike z razli\u010dnimi oblikami oviranosti. Ta zakon se uporablja za dr\u017eavne organe, organe samoupravnih lokalnih skupnosti in osebe javnega prava.<\/p>\n<p style=\"text-align: justify;\"><strong>STOPNJA SKLADNOSTI<\/strong><\/p>\n<p style=\"text-align: justify;\">Spletna stran trgovinice Zebra Gre Na Luno je v najve\u010dji mo\u017eni meri skladno z ZDSMA.<\/p>\n<p style=\"text-align: justify;\"><strong>Dostopnost<\/strong><\/p>\n<ul style=\"text-align: justify;\">\n<li>Z orodjem Dostopnost z enim klikom omogo\u010damo spreminjanje velikosti pisav, izbiro razli\u010dnih, barvnih kontrastov, uporabo berljive pisave, pod\u010drtavanje povezav. Orodje se nahaja v desnem zgornjem kotu.<\/li>\n<li>Velikost besedila se lahko v brskalniku spreminja brez izgube pomembnih informacij (CTRL + tipka plus, CTRL + tipka minus).<\/li>\n<li>Vsebine so prilagodljive in berljive na razli\u010dnih napravah in v razli\u010dnih brskalnikih.<\/li>\n<li>Ve\u010dina slikovnega gradiva je opremljenega z alternativnimi opisi.<\/li>\n<li>Novice in razli\u010dna povabila so \u010dasovno omejene, ostala vsebina in ponudba ni \u010dasovno omejena.<\/li>\n<li>Vsebine so organizirane v menijih in povezavah. S klikom na gumb DOMOV se lahko takoj vrnemo na prvo stran.<\/li>\n<li>Vsebina je strukturirana z uporabo ozna\u010denih naslovov. Pri naslovih in povezavah uporabljamo logi\u010dna imena.<\/li>\n<li>Besedilo je berljivo in razumljivo. V najve\u010dji mo\u017eni meri se izogibamo kompleksnim besedilom.<\/li>\n<\/ul>\n<p style=\"text-align: justify;\"><strong>Nedostopna vsebina<\/strong><\/p>\n<p style=\"text-align: justify;\">Dostopnost spleti\u0161\u010da trgovinice nenehno posodabljamo in izbolj\u0161ujemo posamezne elemente dostopnosti. Kljub vsemu nekatere vsebine \u0161e niso dostopne vsem.<\/p>\n<p style=\"text-align: justify;\">Novice in drugi prispevki objavljeni v preteklih \u0161olskih letih niso pregledani, posledi\u010dno so mo\u017ena neskladja s kriteriji dostopnosti.<\/p>\n<p style=\"text-align: justify;\"><strong>Dostopne alternative<\/strong><\/p>\n<p style=\"text-align: justify;\">Vsa vpra\u0161anja ali komentarje, povezane s spletno dostopnostjo, prav tako informacije, ki so dostopne na spletnih straneh trgovinice, se lahko dobijo tudi na:<\/p>\n<ul style=\"text-align: justify;\">\n<li>telefonski \u0161tevilki: 01 320 44 88<\/li>\n<li>elektronski po\u0161ti:\u00a0<a href=\"mailto:trgovinica@zgnl.si\">trgovinica@zgnl.si<\/a><\/li>\n<li>navadni po\u0161ti: Zavod za gluhe in naglu\u0161ne Ljubljana, Vojkova cesta 74, 1000 Ljubljana<\/li>\n<li>osebno v knjigarni in trgovinici Zebra Gre Na Luno, Stari trg 24, Ljubljana<\/li>\n<\/ul>\n<p style=\"text-align: justify;\">Na obvestila o neskladnosti vsebine oziroma zahteve po dodatnih informacijah, ki jih bomo prejeli na elektronski naslov\u00a0<a href=\"mailto:trgovinica@zgnl.si\">trgovinica@zgnl.si<\/a>\u00a0bomo odgovorili v roku 8 dni od prejema obvestila oziroma pro\u0161nje.<\/p>\n<p style=\"text-align: justify;\">Izjava o dostopnosti je bila pripravljena 10. 12. 2020.<\/p>\n<p style=\"text-align: justify;\">Pri oblikovanju izjave smo uporabili metodo samoocene.<\/p>\n<p style=\"text-align: justify;\">Izjava je bila nazadnje pregledana 10. 12. 2020.<\/p>\n<p style=\"text-align: justify;\">Posodobljeno spleti\u0161\u010de je bilo objavljeno v letu 2020.<\/p>\n<p style=\"text-align: justify;\"><strong>IZVR\u0160ILNI POSTOPEK<\/strong><\/p>\n<p style=\"text-align: justify;\">V primeru nezadovoljivih odgovorov na katero koli obvestilo ali zahtevo, poslano v skladu z 8. \u010dlenom Zakona o dostopnosti spleti\u0161\u010d in mobilnih aplikacij, lahko oddate opis in povezavo na nedostopno vsebino spleti\u0161\u010da in\u0161pektorju na Upravi RS za informacijsko varnost.<\/p>\n<p style=\"text-align: justify;\">Izvr\u0161ilni organ za morebitne postopke je:<\/p>\n<p style=\"text-align: justify;\">Ministrstvo Republike Slovenije za javno upravo<br \/>Direktorat za informacijsko dru\u017ebo in informatiko<br \/>Uprava za informacijsko varnost<br \/>Tr\u017ea\u0161ka cesta 21<br \/>1000 Ljubljana<br \/>gp.mju@gov.si<\/p>\n","protected":false},"excerpt":{"rendered":"<p>IZJAVA O DOSTOPNOSTI SPLETNE STRANI TRGOVINICE ZEBRA GRE NA LUNO Izjava o dostopnosti se nana\u0161a na celotno\u00a0spletno stran trgovinice Zebra Gre Na Luno. Vsem, ki vas zanima dogajanje na spletnih straneh trgovinice, \u017eelimo zagotoviti pozitivno uporabni\u0161ko izku\u0161njo. Spletne vsebine se trudimo pribli\u017eati naj\u0161ir\u0161emu krogu uporabnikov, zato le-te sproti prilagajamo najranljivej\u0161im skupinam. Zavod za gluhe in naglu\u0161ne Ljubljana se zavezuje omogo\u010dati&#8230; <a class=\"more-link\" href=\"http:\/\/www.trgovinica-zebra.si\/en\/izjava-o-dostopnosti\/\">Continue reading &rarr;<\/a><\/p>\n","protected":false},"author":1,"featured_media":0,"parent":0,"menu_order":0,"comment_status":"closed","ping_status":"closed","template":"","meta":{"footnotes":""},"class_list":["post-1490","page","type-page","status-publish","hentry"],"translation":{"provider":"WPGlobus","version":"3.0.0","language":"en","enabled_languages":["sl","en"],"languages":{"sl":{"title":true,"content":true,"excerpt":false},"en":{"title":true,"content":true,"excerpt":false}}},"_links":{"self":[{"href":"http:\/\/www.trgovinica-zebra.si\/en\/wp-json\/wp\/v2\/pages\/1490","targetHints":{"allow":["GET"]}}],"collection":[{"href":"http:\/\/www.trgovinica-zebra.si\/en\/wp-json\/wp\/v2\/pages"}],"about":[{"href":"http:\/\/www.trgovinica-zebra.si\/en\/wp-json\/wp\/v2\/types\/page"}],"author":[{"embeddable":true,"href":"http:\/\/www.trgovinica-zebra.si\/en\/wp-json\/wp\/v2\/users\/1"}],"replies":[{"embeddable":true,"href":"http:\/\/www.trgovinica-zebra.si\/en\/wp-json\/wp\/v2\/comments?post=1490"}],"version-history":[{"count":2,"href":"http:\/\/www.trgovinica-zebra.si\/en\/wp-json\/wp\/v2\/pages\/1490\/revisions"}],"predecessor-version":[{"id":2225,"href":"http:\/\/www.trgovinica-zebra.si\/en\/wp-json\/wp\/v2\/pages\/1490\/revisions\/2225"}],"wp:attachment":[{"href":"http:\/\/www.trgovinica-zebra.si\/en\/wp-json\/wp\/v2\/media?parent=1490"}],"curies":[{"name":"wp","href":"https:\/\/api.w.org\/{rel}","templated":true}]}}